{"id":639,"date":"2025-01-07T21:44:07","date_gmt":"2025-01-07T20:44:07","guid":{"rendered":"https:\/\/poledutison.com\/?page_id=639"},"modified":"2026-01-26T22:02:22","modified_gmt":"2026-01-26T21:02:22","slug":"reservez-votre-atelier-pour-lannee-2025-26","status":"publish","type":"page","link":"https:\/\/poledutison.com\/index.php\/reservez-votre-atelier-pour-lannee-2025-26\/","title":{"rendered":"R\u00e9servez votre atelier pour l&rsquo;ann\u00e9e 2025\/26 !"},"content":{"rendered":"\n<h4 class=\"wp-block-heading\">Le co\u00fbt d\u2019une activit\u00e9 artistique annuelle, encadr\u00e9e par des intervenant\u00b7es form\u00e9\u00b7es au handicap.<\/h4>\n\n\n\n<p class=\"has-kubio-color-8-background-color has-background\"><strong>Vous souhaitez inscrire un groupe \u00e0 nos cours ?<\/strong> Remplissez le formulaire ci-dessous !<br><br>Nous donnons des cours de :<br>\ud83c\udfb5 <strong>Musique<\/strong> avec FX Caillet<br>\ud83c\udfad <strong>Th\u00e9\u00e2tre<\/strong> avec Dominique Terrier et C\u00e9line Agniel<br>\ud83c\udf99\ufe0f <strong>Chant<\/strong> avec Lucie Jamoneau<br>\ud83e\uddd8\u200d\u2640\ufe0f <strong>Danse<\/strong> <strong>contemporaine <\/strong>avec H\u00e9l\u00e8ne Massard<strong><br>\ud83e\ude98 Danse africaine<\/strong> avec Vanessa Grimaud<br>\ud83d\udcd6 <strong>Conte<\/strong> et <strong>Slam&nbsp;<\/strong>avec Alice Ligier et Aur\u00e9lien Alalinarde<br>\ud83d\udee0\ufe0f <strong>Marqueterie<\/strong> avec Manon Neveu<br>\ud83c\udfa8 <strong>Arts plastiques<\/strong> avec Louise Specq<br><strong>\u2728<\/strong> <strong>Cr\u00e9ation \u00e0 partir de mat\u00e9riaux de r\u00e9cup\u00e9ration<\/strong> avec Marianne Magnard &#8211; NouchKa<br><br><strong>Le co\u00fbt de l&rsquo;ann\u00e9e pour 1h de cours \/ semaine est de 1950\u20ac TTC, pour un groupe de 8 personnes max. <\/strong><br><em><strong>Soit 325\u20ac\/personne pour un groupe de 6 personnes.<\/strong><br><strong>Soit 245\u20ac\/personne pour un groupe de 8 personnes.<\/strong><\/em><strong><br>Pour un total de 30 cours de septembre \u00e0 juin, hors vacances scolaires. <\/strong><br><strong>INSCRIPTIONS POSSIBLES JUSQU&rsquo;AU 30 JUIN 2025<\/strong>.<\/p>\n\n\n\n\n\n\n\n\n\n\n\n<p class=\"has-kubio-color-7-color has-text-color has-link-color wp-elements-6893c0a9072cfe319c1d7941f7258586\"><strong>&gt; Merci de remplir un formulaire par cours.<\/strong><\/p>\n\n\n\n<div class=\"wpcf7 no-js\" id=\"wpcf7-f640-o1\" lang=\"fr-FR\" dir=\"ltr\" data-wpcf7-id=\"640\">\n<div class=\"screen-reader-response\"><p role=\"status\" aria-live=\"polite\" aria-atomic=\"true\"><\/p> <ul><\/ul><\/div>\n<form action=\"\/index.php\/wp-json\/wp\/v2\/pages\/639#wpcf7-f640-o1\" method=\"post\" class=\"wpcf7-form init\" aria-label=\"Formulaire de contact\" novalidate=\"novalidate\" data-status=\"init\">\n<fieldset class=\"hidden-fields-container\"><input type=\"hidden\" name=\"_wpcf7\" value=\"640\" \/><input type=\"hidden\" name=\"_wpcf7_version\" value=\"6.1.4\" \/><input type=\"hidden\" name=\"_wpcf7_locale\" value=\"fr_FR\" \/><input type=\"hidden\" name=\"_wpcf7_unit_tag\" value=\"wpcf7-f640-o1\" \/><input type=\"hidden\" name=\"_wpcf7_container_post\" value=\"0\" \/><input type=\"hidden\" name=\"_wpcf7_posted_data_hash\" value=\"\" \/>\n<\/fieldset>\n<p><label>\n\t\t<font color=\"#1A2D58\">Le nom de votre structure *\n\t\t<\/font><br \/>\n<span class=\"wpcf7-form-control-wrap\" data-name=\"your-name\"><input size=\"40\" maxlength=\"400\" class=\"wpcf7-form-control wpcf7-text wpcf7-validates-as-required\" autocomplete=\"name\" aria-required=\"true\" aria-invalid=\"false\" value=\"\" type=\"text\" name=\"your-name\" \/><\/span> <\/label>\n<\/p>\n<p><label>\n\t\t<font color=\"#1A2D58\">Votre nom en tant que r\u00e9f\u00e9rent*\n\t\t<\/font><br \/>\n<span class=\"wpcf7-form-control-wrap\" data-name=\"text-512\"><input size=\"40\" maxlength=\"400\" class=\"wpcf7-form-control wpcf7-text wpcf7-validates-as-required\" aria-required=\"true\" aria-invalid=\"false\" value=\"\" type=\"text\" name=\"text-512\" \/><\/span><\/label>\n<\/p>\n<p><label>\n\t\t<font color=\"#1A2D58\">Votre e-mail*\n\t\t<\/font><br \/>\n<span class=\"wpcf7-form-control-wrap\" data-name=\"your-email\"><input size=\"40\" maxlength=\"400\" class=\"wpcf7-form-control wpcf7-email wpcf7-validates-as-required wpcf7-text wpcf7-validates-as-email\" autocomplete=\"email\" aria-required=\"true\" aria-invalid=\"false\" value=\"\" type=\"email\" name=\"your-email\" \/><\/span> <\/label>\n<\/p>\n<p><label>\n\t\t<font color=\"#1A2D58\">A quel num\u00e9ro, pouvons-nous vous rappeler ?*\n\t\t<\/font><br \/>\n<span class=\"wpcf7-form-control-wrap\" data-name=\"tel-905\"><input size=\"40\" maxlength=\"400\" class=\"wpcf7-form-control wpcf7-tel wpcf7-validates-as-required wpcf7-text wpcf7-validates-as-tel\" aria-required=\"true\" aria-invalid=\"false\" value=\"\" type=\"tel\" name=\"tel-905\" \/><\/span><\/label>\n<\/p>\n<p><label>\n\t\t<font color=\"#1A2D58\">Quel cours vous int\u00e9resse (chaque cours dure 1h) ?*\n\t\t<\/font><br \/>\n<span class=\"wpcf7-form-control-wrap\" data-name=\"select-147\"><select class=\"wpcf7-form-control wpcf7-select wpcf7-validates-as-required\" aria-required=\"true\" aria-invalid=\"false\" name=\"select-147\"><option value=\"\ud83c\udfb5Musique\">\ud83c\udfb5Musique<\/option><option value=\"\ud83c\udfadTh\u00e9\u00e2tre\">\ud83c\udfadTh\u00e9\u00e2tre<\/option><option value=\"\ud83c\udf99\ufe0fChant\">\ud83c\udf99\ufe0fChant<\/option><option value=\"\ud83e\uddd8\u200d\u2640\ufe0fDanse contemporaine\">\ud83e\uddd8\u200d\u2640\ufe0fDanse contemporaine<\/option><option value=\"\ud83e\ude98Danse africaine\">\ud83e\ude98Danse africaine<\/option><option value=\"\ud83d\udcd6Conte &amp; Slam\">\ud83d\udcd6Conte &amp; Slam<\/option><option value=\"\ud83d\udee0\ufe0fMarqueterie\">\ud83d\udee0\ufe0fMarqueterie<\/option><option value=\"\ud83c\udfa8Arts plastiques\">\ud83c\udfa8Arts plastiques<\/option><option value=\"\u2728Cr\u00e9ation \u00e0 partir de mat\u00e9riaux de r\u00e9cup\u00e9ration\">\u2728Cr\u00e9ation \u00e0 partir de mat\u00e9riaux de r\u00e9cup\u00e9ration<\/option><\/select><\/span><\/label>\n<\/p>\n<p><label>\n\t\t<font color=\"#1A2D58\">Si vous vous r\u00e9f\u00e9rez au planning ci-dessus, quel jour et quel cr\u00e9neau horaire vous int\u00e9ressent (exemple: lundi de 13h30 \u00e0 14h30) ?*\n\t\t<\/font><br \/>\n<span class=\"wpcf7-form-control-wrap\" data-name=\"text-278\"><input size=\"40\" maxlength=\"400\" class=\"wpcf7-form-control wpcf7-text wpcf7-validates-as-required\" aria-required=\"true\" aria-invalid=\"false\" value=\"\" type=\"text\" name=\"text-278\" \/><\/span><\/label>\n<\/p>\n<p><label>\n\t\t<font color=\"#1A2D58\">Avez-vous des informations qui vous paraissent n\u00e9cessaires \u00e0 nous soumettre ?\n\t\t<\/font><br \/>\n<span class=\"wpcf7-form-control-wrap\" data-name=\"textarea-790\"><textarea cols=\"40\" rows=\"10\" maxlength=\"2000\" class=\"wpcf7-form-control wpcf7-textarea\" aria-invalid=\"false\" name=\"textarea-790\"><\/textarea><\/span><\/label>\n<\/p>\n<font color=\"#1A2D58\">R\u00e9p\u00e9tez les infos que vous lisez*\n<\/font>\n<p><input type=\"hidden\" name=\"_wpcf7_captcha_challenge_captcha-170\" value=\"505280055\" \/><img loading=\"lazy\" decoding=\"async\" class=\"wpcf7-form-control wpcf7-captchac wpcf7-captcha-captcha-170\" width=\"72\" height=\"24\" alt=\"captcha\" src=\"https:\/\/poledutison.com\/wp-content\/uploads\/wpcf7_captcha\/505280055.png\" \/><br \/>\n<span class=\"wpcf7-form-control-wrap\" data-name=\"captcha-170\"><input size=\"4\" maxlength=\"4\" class=\"wpcf7-form-control wpcf7-captchar\" autocomplete=\"off\" aria-invalid=\"false\" value=\"\" type=\"text\" name=\"captcha-170\" \/><\/span>\n<\/p>\n<font color=\"#1A2D58\">* Mentions obligatoires\n<\/font>\n<p><button type=\"submit\" style=\"color: white; border: 2px solid #F07B2C; background: #F07B2C; padding: 10px 20px; border-radius: 5px; font-weight: bold;\">ENVOYER<\/button>\n<\/p><p style=\"display: none !important;\" class=\"akismet-fields-container\" data-prefix=\"_wpcf7_ak_\"><label>&#916;<textarea name=\"_wpcf7_ak_hp_textarea\" cols=\"45\" rows=\"8\" maxlength=\"100\"><\/textarea><\/label><input type=\"hidden\" id=\"ak_js_1\" name=\"_wpcf7_ak_js\" value=\"216\"\/><script>document.getElementById( \"ak_js_1\" ).setAttribute( \"value\", ( new Date() ).getTime() );<\/script><\/p><div class=\"wpcf7-response-output\" aria-hidden=\"true\"><\/div>\n<\/form>\n<\/div>\n\n","protected":false},"excerpt":{"rendered":"<p>Le co\u00fbt d\u2019une activit\u00e9 artistique annuelle, encadr\u00e9e par des intervenant\u00b7es form\u00e9\u00b7es au handicap. Vous souhaitez inscrire un groupe \u00e0 nos cours ? Remplissez le formulaire ci-dessous ! Nous donnons des cours de :\ud83c\udfb5 Musique avec FX Caillet\ud83c\udfad Th\u00e9\u00e2tre avec Dominique Terrier et C\u00e9line Agniel\ud83c\udf99\ufe0f Chant avec Lucie Jamoneau\ud83e\uddd8\u200d\u2640\ufe0f Danse contemporaine avec H\u00e9l\u00e8ne Massard\ud83e\ude98 Danse africaine [&hellip;]<\/p>\n","protected":false},"author":1,"featured_media":0,"parent":0,"menu_order":0,"comment_status":"closed","ping_status":"closed","template":"","meta":{"saved_in_kubio":true,"footnotes":""},"class_list":["post-639","page","type-page","status-publish","hentry"],"kubio_ai_page_context":{"short_desc":"","purpose":"general"},"yoast_head":"<!-- This site is optimized with the Yoast SEO plugin v27.4 - https:\/\/yoast.com\/product\/yoast-seo-wordpress\/ -->\n<title>R\u00e9servez votre atelier pour l&#039;ann\u00e9e 2025\/26 ! - P\u00f4le du Tison<\/title>\n<meta name=\"robots\" content=\"index, follow, max-snippet:-1, max-image-preview:large, max-video-preview:-1\" \/>\n<link rel=\"canonical\" href=\"https:\/\/poledutison.com\/index.php\/reservez-votre-atelier-pour-lannee-2025-26\/\" \/>\n<meta property=\"og:locale\" content=\"fr_FR\" \/>\n<meta property=\"og:type\" content=\"article\" \/>\n<meta property=\"og:title\" content=\"R\u00e9servez votre atelier pour l&#039;ann\u00e9e 2025\/26 ! - P\u00f4le du Tison\" \/>\n<meta property=\"og:description\" content=\"Le co\u00fbt d\u2019une activit\u00e9 artistique annuelle, encadr\u00e9e par des intervenant\u00b7es form\u00e9\u00b7es au handicap. Vous souhaitez inscrire un groupe \u00e0 nos cours ? Remplissez le formulaire ci-dessous ! Nous donnons des cours de :\ud83c\udfb5 Musique avec FX Caillet\ud83c\udfad Th\u00e9\u00e2tre avec Dominique Terrier et C\u00e9line Agniel\ud83c\udf99\ufe0f Chant avec Lucie Jamoneau\ud83e\uddd8\u200d\u2640\ufe0f Danse contemporaine avec H\u00e9l\u00e8ne Massard\ud83e\ude98 Danse africaine [&hellip;]\" \/>\n<meta property=\"og:url\" content=\"https:\/\/poledutison.com\/index.php\/reservez-votre-atelier-pour-lannee-2025-26\/\" \/>\n<meta property=\"og:site_name\" content=\"P\u00f4le du Tison\" \/>\n<meta property=\"article:publisher\" content=\"https:\/\/m.facebook.com\/fxsax\/\" \/>\n<meta property=\"article:modified_time\" content=\"2026-01-26T21:02:22+00:00\" \/>\n<meta property=\"og:image\" content=\"https:\/\/poledutison.com\/wp-content\/uploads\/2024\/10\/logo_1-removebg-preview.png\" \/>\n\t<meta property=\"og:image:width\" content=\"501\" \/>\n\t<meta property=\"og:image:height\" content=\"498\" \/>\n\t<meta property=\"og:image:type\" content=\"image\/png\" \/>\n<meta name=\"twitter:card\" content=\"summary_large_image\" \/>\n<meta name=\"twitter:label1\" content=\"Dur\u00e9e de lecture estim\u00e9e\" \/>\n\t<meta name=\"twitter:data1\" content=\"1 minute\" \/>\n<script type=\"application\/ld+json\" class=\"yoast-schema-graph\">{\"@context\":\"https:\\\/\\\/schema.org\",\"@graph\":[{\"@type\":\"WebPage\",\"@id\":\"https:\\\/\\\/poledutison.com\\\/index.php\\\/reservez-votre-atelier-pour-lannee-2025-26\\\/\",\"url\":\"https:\\\/\\\/poledutison.com\\\/index.php\\\/reservez-votre-atelier-pour-lannee-2025-26\\\/\",\"name\":\"R\u00e9servez votre atelier pour l'ann\u00e9e 2025\\\/26 ! - P\u00f4le du Tison\",\"isPartOf\":{\"@id\":\"https:\\\/\\\/poledutison.com\\\/#website\"},\"datePublished\":\"2025-01-07T20:44:07+00:00\",\"dateModified\":\"2026-01-26T21:02:22+00:00\",\"breadcrumb\":{\"@id\":\"https:\\\/\\\/poledutison.com\\\/index.php\\\/reservez-votre-atelier-pour-lannee-2025-26\\\/#breadcrumb\"},\"inLanguage\":\"fr-FR\",\"potentialAction\":[{\"@type\":\"ReadAction\",\"target\":[\"https:\\\/\\\/poledutison.com\\\/index.php\\\/reservez-votre-atelier-pour-lannee-2025-26\\\/\"]}]},{\"@type\":\"BreadcrumbList\",\"@id\":\"https:\\\/\\\/poledutison.com\\\/index.php\\\/reservez-votre-atelier-pour-lannee-2025-26\\\/#breadcrumb\",\"itemListElement\":[{\"@type\":\"ListItem\",\"position\":1,\"name\":\"Page d'accueil\",\"item\":\"https:\\\/\\\/poledutison.com\\\/\"},{\"@type\":\"ListItem\",\"position\":2,\"name\":\"R\u00e9servez votre atelier pour l&rsquo;ann\u00e9e 2025\\\/26 !\"}]},{\"@type\":\"WebSite\",\"@id\":\"https:\\\/\\\/poledutison.com\\\/#website\",\"url\":\"https:\\\/\\\/poledutison.com\\\/\",\"name\":\"P\u00f4le du Tison\",\"description\":\"art et handicap\",\"publisher\":{\"@id\":\"https:\\\/\\\/poledutison.com\\\/#organization\"},\"potentialAction\":[{\"@type\":\"SearchAction\",\"target\":{\"@type\":\"EntryPoint\",\"urlTemplate\":\"https:\\\/\\\/poledutison.com\\\/?s={search_term_string}\"},\"query-input\":{\"@type\":\"PropertyValueSpecification\",\"valueRequired\":true,\"valueName\":\"search_term_string\"}}],\"inLanguage\":\"fr-FR\"},{\"@type\":\"Organization\",\"@id\":\"https:\\\/\\\/poledutison.com\\\/#organization\",\"name\":\"P\u00f4le art & handicap du Tison\",\"alternateName\":\"P\u00f4le du Tison\",\"url\":\"https:\\\/\\\/poledutison.com\\\/\",\"logo\":{\"@type\":\"ImageObject\",\"inLanguage\":\"fr-FR\",\"@id\":\"https:\\\/\\\/poledutison.com\\\/#\\\/schema\\\/logo\\\/image\\\/\",\"url\":\"https:\\\/\\\/poledutison.com\\\/wp-content\\\/uploads\\\/2025\\\/02\\\/Copie-de-CARTE-VISITE-jaune-bleu-1.png\",\"contentUrl\":\"https:\\\/\\\/poledutison.com\\\/wp-content\\\/uploads\\\/2025\\\/02\\\/Copie-de-CARTE-VISITE-jaune-bleu-1.png\",\"width\":500,\"height\":500,\"caption\":\"P\u00f4le art & handicap du Tison\"},\"image\":{\"@id\":\"https:\\\/\\\/poledutison.com\\\/#\\\/schema\\\/logo\\\/image\\\/\"},\"sameAs\":[\"https:\\\/\\\/m.facebook.com\\\/fxsax\\\/\",\"https:\\\/\\\/www.instagram.com\\\/cindyclech\\\/\",\"https:\\\/\\\/www.youtube.com\\\/@poledutison\"]}]}<\/script>\n<!-- \/ Yoast SEO plugin. -->","yoast_head_json":{"title":"R\u00e9servez votre atelier pour l'ann\u00e9e 2025\/26 ! - P\u00f4le du Tison","robots":{"index":"index","follow":"follow","max-snippet":"max-snippet:-1","max-image-preview":"max-image-preview:large","max-video-preview":"max-video-preview:-1"},"canonical":"https:\/\/poledutison.com\/index.php\/reservez-votre-atelier-pour-lannee-2025-26\/","og_locale":"fr_FR","og_type":"article","og_title":"R\u00e9servez votre atelier pour l'ann\u00e9e 2025\/26 ! - P\u00f4le du Tison","og_description":"Le co\u00fbt d\u2019une activit\u00e9 artistique annuelle, encadr\u00e9e par des intervenant\u00b7es form\u00e9\u00b7es au handicap. Vous souhaitez inscrire un groupe \u00e0 nos cours ? Remplissez le formulaire ci-dessous ! Nous donnons des cours de :\ud83c\udfb5 Musique avec FX Caillet\ud83c\udfad Th\u00e9\u00e2tre avec Dominique Terrier et C\u00e9line Agniel\ud83c\udf99\ufe0f Chant avec Lucie Jamoneau\ud83e\uddd8\u200d\u2640\ufe0f Danse contemporaine avec H\u00e9l\u00e8ne Massard\ud83e\ude98 Danse africaine [&hellip;]","og_url":"https:\/\/poledutison.com\/index.php\/reservez-votre-atelier-pour-lannee-2025-26\/","og_site_name":"P\u00f4le du Tison","article_publisher":"https:\/\/m.facebook.com\/fxsax\/","article_modified_time":"2026-01-26T21:02:22+00:00","og_image":[{"width":501,"height":498,"url":"https:\/\/poledutison.com\/wp-content\/uploads\/2024\/10\/logo_1-removebg-preview.png","type":"image\/png"}],"twitter_card":"summary_large_image","twitter_misc":{"Dur\u00e9e de lecture estim\u00e9e":"1 minute"},"schema":{"@context":"https:\/\/schema.org","@graph":[{"@type":"WebPage","@id":"https:\/\/poledutison.com\/index.php\/reservez-votre-atelier-pour-lannee-2025-26\/","url":"https:\/\/poledutison.com\/index.php\/reservez-votre-atelier-pour-lannee-2025-26\/","name":"R\u00e9servez votre atelier pour l'ann\u00e9e 2025\/26 ! - P\u00f4le du Tison","isPartOf":{"@id":"https:\/\/poledutison.com\/#website"},"datePublished":"2025-01-07T20:44:07+00:00","dateModified":"2026-01-26T21:02:22+00:00","breadcrumb":{"@id":"https:\/\/poledutison.com\/index.php\/reservez-votre-atelier-pour-lannee-2025-26\/#breadcrumb"},"inLanguage":"fr-FR","potentialAction":[{"@type":"ReadAction","target":["https:\/\/poledutison.com\/index.php\/reservez-votre-atelier-pour-lannee-2025-26\/"]}]},{"@type":"BreadcrumbList","@id":"https:\/\/poledutison.com\/index.php\/reservez-votre-atelier-pour-lannee-2025-26\/#breadcrumb","itemListElement":[{"@type":"ListItem","position":1,"name":"Page d'accueil","item":"https:\/\/poledutison.com\/"},{"@type":"ListItem","position":2,"name":"R\u00e9servez votre atelier pour l&rsquo;ann\u00e9e 2025\/26 !"}]},{"@type":"WebSite","@id":"https:\/\/poledutison.com\/#website","url":"https:\/\/poledutison.com\/","name":"P\u00f4le du Tison","description":"art et handicap","publisher":{"@id":"https:\/\/poledutison.com\/#organization"},"potentialAction":[{"@type":"SearchAction","target":{"@type":"EntryPoint","urlTemplate":"https:\/\/poledutison.com\/?s={search_term_string}"},"query-input":{"@type":"PropertyValueSpecification","valueRequired":true,"valueName":"search_term_string"}}],"inLanguage":"fr-FR"},{"@type":"Organization","@id":"https:\/\/poledutison.com\/#organization","name":"P\u00f4le art & handicap du Tison","alternateName":"P\u00f4le du Tison","url":"https:\/\/poledutison.com\/","logo":{"@type":"ImageObject","inLanguage":"fr-FR","@id":"https:\/\/poledutison.com\/#\/schema\/logo\/image\/","url":"https:\/\/poledutison.com\/wp-content\/uploads\/2025\/02\/Copie-de-CARTE-VISITE-jaune-bleu-1.png","contentUrl":"https:\/\/poledutison.com\/wp-content\/uploads\/2025\/02\/Copie-de-CARTE-VISITE-jaune-bleu-1.png","width":500,"height":500,"caption":"P\u00f4le art & handicap du Tison"},"image":{"@id":"https:\/\/poledutison.com\/#\/schema\/logo\/image\/"},"sameAs":["https:\/\/m.facebook.com\/fxsax\/","https:\/\/www.instagram.com\/cindyclech\/","https:\/\/www.youtube.com\/@poledutison"]}]}},"_links":{"self":[{"href":"https:\/\/poledutison.com\/index.php\/wp-json\/wp\/v2\/pages\/639","targetHints":{"allow":["GET"]}}],"collection":[{"href":"https:\/\/poledutison.com\/index.php\/wp-json\/wp\/v2\/pages"}],"about":[{"href":"https:\/\/poledutison.com\/index.php\/wp-json\/wp\/v2\/types\/page"}],"author":[{"embeddable":true,"href":"https:\/\/poledutison.com\/index.php\/wp-json\/wp\/v2\/users\/1"}],"replies":[{"embeddable":true,"href":"https:\/\/poledutison.com\/index.php\/wp-json\/wp\/v2\/comments?post=639"}],"version-history":[{"count":37,"href":"https:\/\/poledutison.com\/index.php\/wp-json\/wp\/v2\/pages\/639\/revisions"}],"predecessor-version":[{"id":1439,"href":"https:\/\/poledutison.com\/index.php\/wp-json\/wp\/v2\/pages\/639\/revisions\/1439"}],"wp:attachment":[{"href":"https:\/\/poledutison.com\/index.php\/wp-json\/wp\/v2\/media?parent=639"}],"curies":[{"name":"wp","href":"https:\/\/api.w.org\/{rel}","templated":true}]}}