{"id":1606,"date":"2026-03-03T18:06:46","date_gmt":"2026-03-03T17:06:46","guid":{"rendered":"https:\/\/poledutison.com\/?page_id=1606"},"modified":"2026-03-10T11:14:15","modified_gmt":"2026-03-10T10:14:15","slug":"projets-en-cours","status":"publish","type":"page","link":"https:\/\/poledutison.com\/index.php\/projets-en-cours\/","title":{"rendered":"Projets en cours"},"content":{"rendered":"\n<p><strong>Cours \u00e0 l&rsquo;ann\u00e9e septembre 2025-juin 2026 :<\/strong><br>R\u00e9sidence Soleil Bleu \/ Bleu Soleil &#8211; Poitiers (86) &gt; 2 cours soit 60h<br>GEM La Cord\u00e9e &#8211; Poitiers (86) &gt; 4 cours soit 60h<br>Foyer de vie La For\u00eat Mauroc &#8211; (86) &gt; 2 cours soit 60h<br>MAS Port d\u2019Attache &#8211; Saint-Beno\u00eet (86) &gt; 1 cours soit 30h<br>Centre hospitalier Henri-Laborit &#8211; Poitiers (86) &gt; 12 s\u00e9ances<br>Cr\u00e8che familiale pr\u00e9ventive Fa Sol Vie &#8211; Poitiers (86) &gt; 16 s\u00e9ances<br>Association des paralys\u00e9s de France (86) Boostons nos talents ! &gt; 6 s\u00e9ances<br>CESSA \/ APSA &#8211; Poitiers (86) &gt; 15 s\u00e9ances<\/p>\n\n\n\n<p><strong>Stage inclusif \u00e0 la Sc\u00e8ne Maria Casar\u00e8s, octobre 2025 :<\/strong><br>FAM Eldorado &#8211; Smarves (86)<br>GEM La Cord\u00e9e &#8211; Poitiers (86)<br>Association des familles de traumatis\u00e9s cr\u00e2niens (86)<\/p>\n\n\n\n<p><strong>Stage inclusif \u00e0 la Chapelle de l&rsquo;Imaginaire de l&rsquo;APSA,  avril 2026 :<\/strong><br>CESSA \/ APSA &#8211; Poitiers (86)<br>MAS Port d\u2019Attache &#8211; Saint-Beno\u00eet (86)<br>Association des familles de traumatis\u00e9s cr\u00e2niens (86)<\/p>\n\n\n\n<p><strong>D&rsquo;octobre \u00e0 d\u00e9cembre 2025 : <\/strong><br>Projet de cr\u00e9ation d\u2019un orchestre inclusif : 4 classes maternelles de Poitiers et Chasseneuil-du-Poitou et des jeunes en situation de handicap issus de l\u2019IME de Mauroc (86), de l\u2019Institut Bleu Soleil (86) et de l\u2019APSA \/ IRJS (86) > 40h dont restitutions publiques au Confort Moderne et \u00e0 La Quintaine en d\u00e9cembre 2025<\/p>\n\n\n\n<p><\/p>\n","protected":false},"excerpt":{"rendered":"<p>Cours \u00e0 l&rsquo;ann\u00e9e septembre 2025-juin 2026 :R\u00e9sidence Soleil Bleu \/ Bleu Soleil &#8211; Poitiers (86) &gt; 2 cours soit 60hGEM La Cord\u00e9e &#8211; Poitiers (86) &gt; 4 cours soit 60hFoyer de vie La For\u00eat Mauroc &#8211; (86) &gt; 2 cours soit 60hMAS Port d\u2019Attache &#8211; Saint-Beno\u00eet (86) &gt; 1 cours soit 30hCentre hospitalier Henri-Laborit &#8211; [&hellip;]<\/p>\n","protected":false},"author":1,"featured_media":0,"parent":0,"menu_order":0,"comment_status":"closed","ping_status":"closed","template":"","meta":{"saved_in_kubio":true,"footnotes":""},"class_list":["post-1606","page","type-page","status-publish","hentry"],"kubio_ai_page_context":{"short_desc":"","purpose":"general"},"yoast_head":"<!-- This site is optimized with the Yoast SEO plugin v27.4 - https:\/\/yoast.com\/product\/yoast-seo-wordpress\/ -->\n<title>Projets en cours - P\u00f4le du Tison<\/title>\n<meta name=\"robots\" content=\"index, follow, max-snippet:-1, max-image-preview:large, max-video-preview:-1\" \/>\n<link rel=\"canonical\" href=\"https:\/\/poledutison.com\/index.php\/projets-en-cours\/\" \/>\n<meta property=\"og:locale\" content=\"fr_FR\" \/>\n<meta property=\"og:type\" content=\"article\" \/>\n<meta property=\"og:title\" content=\"Projets en cours - P\u00f4le du Tison\" \/>\n<meta property=\"og:description\" content=\"Cours \u00e0 l&rsquo;ann\u00e9e septembre 2025-juin 2026 :R\u00e9sidence Soleil Bleu \/ Bleu Soleil &#8211; Poitiers (86) &gt; 2 cours soit 60hGEM La Cord\u00e9e &#8211; Poitiers (86) &gt; 4 cours soit 60hFoyer de vie La For\u00eat Mauroc &#8211; (86) &gt; 2 cours soit 60hMAS Port d\u2019Attache &#8211; Saint-Beno\u00eet (86) &gt; 1 cours soit 30hCentre hospitalier Henri-Laborit &#8211; [&hellip;]\" \/>\n<meta property=\"og:url\" content=\"https:\/\/poledutison.com\/index.php\/projets-en-cours\/\" \/>\n<meta property=\"og:site_name\" content=\"P\u00f4le du Tison\" \/>\n<meta property=\"article:publisher\" content=\"https:\/\/m.facebook.com\/fxsax\/\" \/>\n<meta property=\"article:modified_time\" content=\"2026-03-10T10:14:15+00:00\" \/>\n<meta property=\"og:image\" content=\"https:\/\/poledutison.com\/wp-content\/uploads\/2024\/10\/logo_1-removebg-preview.png\" \/>\n\t<meta property=\"og:image:width\" content=\"501\" \/>\n\t<meta property=\"og:image:height\" content=\"498\" \/>\n\t<meta property=\"og:image:type\" content=\"image\/png\" \/>\n<meta name=\"twitter:card\" content=\"summary_large_image\" \/>\n<meta name=\"twitter:label1\" content=\"Dur\u00e9e de lecture estim\u00e9e\" \/>\n\t<meta name=\"twitter:data1\" content=\"1 minute\" \/>\n<script type=\"application\/ld+json\" class=\"yoast-schema-graph\">{\"@context\":\"https:\\\/\\\/schema.org\",\"@graph\":[{\"@type\":\"WebPage\",\"@id\":\"https:\\\/\\\/poledutison.com\\\/index.php\\\/projets-en-cours\\\/\",\"url\":\"https:\\\/\\\/poledutison.com\\\/index.php\\\/projets-en-cours\\\/\",\"name\":\"Projets en cours - P\u00f4le du Tison\",\"isPartOf\":{\"@id\":\"https:\\\/\\\/poledutison.com\\\/#website\"},\"datePublished\":\"2026-03-03T17:06:46+00:00\",\"dateModified\":\"2026-03-10T10:14:15+00:00\",\"breadcrumb\":{\"@id\":\"https:\\\/\\\/poledutison.com\\\/index.php\\\/projets-en-cours\\\/#breadcrumb\"},\"inLanguage\":\"fr-FR\",\"potentialAction\":[{\"@type\":\"ReadAction\",\"target\":[\"https:\\\/\\\/poledutison.com\\\/index.php\\\/projets-en-cours\\\/\"]}]},{\"@type\":\"BreadcrumbList\",\"@id\":\"https:\\\/\\\/poledutison.com\\\/index.php\\\/projets-en-cours\\\/#breadcrumb\",\"itemListElement\":[{\"@type\":\"ListItem\",\"position\":1,\"name\":\"Page d'accueil\",\"item\":\"https:\\\/\\\/poledutison.com\\\/\"},{\"@type\":\"ListItem\",\"position\":2,\"name\":\"Projets en cours\"}]},{\"@type\":\"WebSite\",\"@id\":\"https:\\\/\\\/poledutison.com\\\/#website\",\"url\":\"https:\\\/\\\/poledutison.com\\\/\",\"name\":\"P\u00f4le du Tison\",\"description\":\"art et handicap\",\"publisher\":{\"@id\":\"https:\\\/\\\/poledutison.com\\\/#organization\"},\"potentialAction\":[{\"@type\":\"SearchAction\",\"target\":{\"@type\":\"EntryPoint\",\"urlTemplate\":\"https:\\\/\\\/poledutison.com\\\/?s={search_term_string}\"},\"query-input\":{\"@type\":\"PropertyValueSpecification\",\"valueRequired\":true,\"valueName\":\"search_term_string\"}}],\"inLanguage\":\"fr-FR\"},{\"@type\":\"Organization\",\"@id\":\"https:\\\/\\\/poledutison.com\\\/#organization\",\"name\":\"P\u00f4le art & handicap du Tison\",\"alternateName\":\"P\u00f4le du Tison\",\"url\":\"https:\\\/\\\/poledutison.com\\\/\",\"logo\":{\"@type\":\"ImageObject\",\"inLanguage\":\"fr-FR\",\"@id\":\"https:\\\/\\\/poledutison.com\\\/#\\\/schema\\\/logo\\\/image\\\/\",\"url\":\"https:\\\/\\\/poledutison.com\\\/wp-content\\\/uploads\\\/2025\\\/02\\\/Copie-de-CARTE-VISITE-jaune-bleu-1.png\",\"contentUrl\":\"https:\\\/\\\/poledutison.com\\\/wp-content\\\/uploads\\\/2025\\\/02\\\/Copie-de-CARTE-VISITE-jaune-bleu-1.png\",\"width\":500,\"height\":500,\"caption\":\"P\u00f4le art & handicap du Tison\"},\"image\":{\"@id\":\"https:\\\/\\\/poledutison.com\\\/#\\\/schema\\\/logo\\\/image\\\/\"},\"sameAs\":[\"https:\\\/\\\/m.facebook.com\\\/fxsax\\\/\",\"https:\\\/\\\/www.instagram.com\\\/cindyclech\\\/\",\"https:\\\/\\\/www.youtube.com\\\/@poledutison\"]}]}<\/script>\n<!-- \/ Yoast SEO plugin. -->","yoast_head_json":{"title":"Projets en cours - P\u00f4le du Tison","robots":{"index":"index","follow":"follow","max-snippet":"max-snippet:-1","max-image-preview":"max-image-preview:large","max-video-preview":"max-video-preview:-1"},"canonical":"https:\/\/poledutison.com\/index.php\/projets-en-cours\/","og_locale":"fr_FR","og_type":"article","og_title":"Projets en cours - P\u00f4le du Tison","og_description":"Cours \u00e0 l&rsquo;ann\u00e9e septembre 2025-juin 2026 :R\u00e9sidence Soleil Bleu \/ Bleu Soleil &#8211; Poitiers (86) &gt; 2 cours soit 60hGEM La Cord\u00e9e &#8211; Poitiers (86) &gt; 4 cours soit 60hFoyer de vie La For\u00eat Mauroc &#8211; (86) &gt; 2 cours soit 60hMAS Port d\u2019Attache &#8211; Saint-Beno\u00eet (86) &gt; 1 cours soit 30hCentre hospitalier Henri-Laborit &#8211; [&hellip;]","og_url":"https:\/\/poledutison.com\/index.php\/projets-en-cours\/","og_site_name":"P\u00f4le du Tison","article_publisher":"https:\/\/m.facebook.com\/fxsax\/","article_modified_time":"2026-03-10T10:14:15+00:00","og_image":[{"width":501,"height":498,"url":"https:\/\/poledutison.com\/wp-content\/uploads\/2024\/10\/logo_1-removebg-preview.png","type":"image\/png"}],"twitter_card":"summary_large_image","twitter_misc":{"Dur\u00e9e de lecture estim\u00e9e":"1 minute"},"schema":{"@context":"https:\/\/schema.org","@graph":[{"@type":"WebPage","@id":"https:\/\/poledutison.com\/index.php\/projets-en-cours\/","url":"https:\/\/poledutison.com\/index.php\/projets-en-cours\/","name":"Projets en cours - P\u00f4le du Tison","isPartOf":{"@id":"https:\/\/poledutison.com\/#website"},"datePublished":"2026-03-03T17:06:46+00:00","dateModified":"2026-03-10T10:14:15+00:00","breadcrumb":{"@id":"https:\/\/poledutison.com\/index.php\/projets-en-cours\/#breadcrumb"},"inLanguage":"fr-FR","potentialAction":[{"@type":"ReadAction","target":["https:\/\/poledutison.com\/index.php\/projets-en-cours\/"]}]},{"@type":"BreadcrumbList","@id":"https:\/\/poledutison.com\/index.php\/projets-en-cours\/#breadcrumb","itemListElement":[{"@type":"ListItem","position":1,"name":"Page d'accueil","item":"https:\/\/poledutison.com\/"},{"@type":"ListItem","position":2,"name":"Projets en cours"}]},{"@type":"WebSite","@id":"https:\/\/poledutison.com\/#website","url":"https:\/\/poledutison.com\/","name":"P\u00f4le du Tison","description":"art et handicap","publisher":{"@id":"https:\/\/poledutison.com\/#organization"},"potentialAction":[{"@type":"SearchAction","target":{"@type":"EntryPoint","urlTemplate":"https:\/\/poledutison.com\/?s={search_term_string}"},"query-input":{"@type":"PropertyValueSpecification","valueRequired":true,"valueName":"search_term_string"}}],"inLanguage":"fr-FR"},{"@type":"Organization","@id":"https:\/\/poledutison.com\/#organization","name":"P\u00f4le art & handicap du Tison","alternateName":"P\u00f4le du Tison","url":"https:\/\/poledutison.com\/","logo":{"@type":"ImageObject","inLanguage":"fr-FR","@id":"https:\/\/poledutison.com\/#\/schema\/logo\/image\/","url":"https:\/\/poledutison.com\/wp-content\/uploads\/2025\/02\/Copie-de-CARTE-VISITE-jaune-bleu-1.png","contentUrl":"https:\/\/poledutison.com\/wp-content\/uploads\/2025\/02\/Copie-de-CARTE-VISITE-jaune-bleu-1.png","width":500,"height":500,"caption":"P\u00f4le art & handicap du Tison"},"image":{"@id":"https:\/\/poledutison.com\/#\/schema\/logo\/image\/"},"sameAs":["https:\/\/m.facebook.com\/fxsax\/","https:\/\/www.instagram.com\/cindyclech\/","https:\/\/www.youtube.com\/@poledutison"]}]}},"_links":{"self":[{"href":"https:\/\/poledutison.com\/index.php\/wp-json\/wp\/v2\/pages\/1606","targetHints":{"allow":["GET"]}}],"collection":[{"href":"https:\/\/poledutison.com\/index.php\/wp-json\/wp\/v2\/pages"}],"about":[{"href":"https:\/\/poledutison.com\/index.php\/wp-json\/wp\/v2\/types\/page"}],"author":[{"embeddable":true,"href":"https:\/\/poledutison.com\/index.php\/wp-json\/wp\/v2\/users\/1"}],"replies":[{"embeddable":true,"href":"https:\/\/poledutison.com\/index.php\/wp-json\/wp\/v2\/comments?post=1606"}],"version-history":[{"count":3,"href":"https:\/\/poledutison.com\/index.php\/wp-json\/wp\/v2\/pages\/1606\/revisions"}],"predecessor-version":[{"id":1670,"href":"https:\/\/poledutison.com\/index.php\/wp-json\/wp\/v2\/pages\/1606\/revisions\/1670"}],"wp:attachment":[{"href":"https:\/\/poledutison.com\/index.php\/wp-json\/wp\/v2\/media?parent=1606"}],"curies":[{"name":"wp","href":"https:\/\/api.w.org\/{rel}","templated":true}]}}