{"id":1431,"date":"2026-01-21T10:53:27","date_gmt":"2026-01-21T09:53:27","guid":{"rendered":"https:\/\/poledutison.com\/?page_id=1431"},"modified":"2026-01-29T11:57:30","modified_gmt":"2026-01-29T10:57:30","slug":"stage-de-printemps","status":"publish","type":"page","link":"https:\/\/poledutison.com\/index.php\/stage-de-printemps\/","title":{"rendered":"Stage de Printemps"},"content":{"rendered":"\n\n\n\n\n<p>Le P\u00f4le du Tison organise un stage de printemps \u00e0 l&rsquo;APSA &#8211; dans la Chapelle de l\u2019Imaginaire \u00e0 Poitiers : des ateliers artistiques adapt\u00e9s aux personnes en situation de handicap et ouverts \u00e0 tous.<br>Peinture, danse africaine, conte, collage : venez tester, explorer, cr\u00e9er, \u00e0 votre rythme.<\/p>\n\n\n\n<h3 class=\"wp-block-heading\">Infos cl\u00e9s<\/h3>\n\n\n\n<p>\u2022 Dates : 15 et 16 avril 2026<br>\u2022 Lieu : APSA &#8211; Chapelle de l\u2019Imaginaire, 116 avenue de la Lib\u00e9ration, 86000 Poitiers<br>\u2022 Tarif : 15 \u20ac par personne et par cours<br>\u2022 Niveau : tous niveaux<br>\u2022 Inscriptions : <a href=\"https:\/\/www.helloasso.com\/associations\/pole-art-et-handicap-du-tison\/evenements\/stage-de-printemps-du-pole-du-tison-15-et-16-avril-2026\">bit.ly\/POLEprintemps<\/a><\/p>\n\n\n\n<h3 class=\"wp-block-heading\">Programme<\/h3>\n\n\n\n<p><br><strong>Mercredi 15 avril 2026<\/strong><br>cours 1 \/ 10h-11h puis cours 2 \/\u00a011h \u00e0 12h : <strong>Louise &#8211; Peinture<\/strong><br>cours 1 \/ 14h30-15h30\u00a0 puis cours 2 \/ 15h30-16h30 : <strong>Vanessa &#8211; Danse africaine<\/strong><\/p>\n\n\n\n<p><strong>Jeudi 16 avril 2026<\/strong><br>cours 1 \/ 10h-11h puis cours 2 \/\u00a011h \u00e0 12h : <strong>Alice &amp; Aur\u00e9 &#8211; Conte<\/strong><br>cours 1 \/ 14h30-15h30\u00a0 puis cours 2 \/ 15h30-16h30 : <strong>Marianne &#8211; R\u00e9cup &amp; Collage<\/strong><\/p>\n\n\n\n<p><\/p>\n\n\n\n<h3 class=\"wp-block-heading\">Pour qui ?<\/h3>\n\n\n\n<p>Le stage est ouvert :<br>\u2022 aux personnes en situation de handicap, enfants, ados, adultes<br>\u2022 aux proches aidants et familles<br>\u2022 \u00e0 toute personne curieuse de d\u00e9couvrir une pratique artistique inclusive<br><strong>Aucun pr\u00e9requis, tu viens comme tu es.<\/strong><\/p>\n\n\n\n<h3 class=\"wp-block-heading\">Accessibilit\u00e9 et adaptation<\/h3>\n\n\n\n<p>Nos ateliers sont pens\u00e9s pour \u00eatre accueillants et modulables : rythme, consignes, supports.<br>Pour toute question, ou si tu as des besoins sp\u00e9cifiques : \ud83d\udce9 contact@poledutison.com \u2022 \u260e\ufe0f 06 50 2 55 38\u2022 \ud83c\udf10 <a href=\"http:\/\/www.poledutison.com\/\">www.poledutison.com<\/a><\/p>\n\n\n\n<h3 class=\"wp-block-heading\">Inscriptions<\/h3>\n\n\n\n<p>R\u00e9serve tes cours sur HelloAsso : <a href=\"https:\/\/www.helloasso.com\/associations\/pole-art-et-handicap-du-tison\/evenements\/stage-de-printemps-du-pole-du-tison-15-et-16-avril-2026\">bit.ly\/POLEprintemps<\/a><br>Tarif unique : 15 \u20ac par personne et par cours.<\/p>\n\n\n\n<p><\/p>\n","protected":false},"excerpt":{"rendered":"<p>Le P\u00f4le du Tison organise un stage de printemps \u00e0 l&rsquo;APSA &#8211; dans la Chapelle de l\u2019Imaginaire \u00e0 Poitiers : des ateliers artistiques adapt\u00e9s aux personnes en situation de handicap et ouverts \u00e0 tous.Peinture, danse africaine, conte, collage : venez tester, explorer, cr\u00e9er, \u00e0 votre rythme. Infos cl\u00e9s \u2022 Dates : 15 et 16 avril [&hellip;]<\/p>\n","protected":false},"author":1,"featured_media":0,"parent":0,"menu_order":0,"comment_status":"closed","ping_status":"closed","template":"","meta":{"saved_in_kubio":false,"footnotes":""},"class_list":["post-1431","page","type-page","status-publish","hentry"],"kubio_ai_page_context":{"short_desc":"","purpose":"general"},"yoast_head":"<!-- This site is optimized with the Yoast SEO plugin v27.4 - https:\/\/yoast.com\/product\/yoast-seo-wordpress\/ -->\n<title>Stage de Printemps - P\u00f4le du Tison<\/title>\n<meta name=\"robots\" content=\"index, follow, max-snippet:-1, max-image-preview:large, max-video-preview:-1\" \/>\n<link rel=\"canonical\" href=\"https:\/\/poledutison.com\/index.php\/stage-de-printemps\/\" \/>\n<meta property=\"og:locale\" content=\"fr_FR\" \/>\n<meta property=\"og:type\" content=\"article\" \/>\n<meta property=\"og:title\" content=\"Stage de Printemps - P\u00f4le du Tison\" \/>\n<meta property=\"og:description\" content=\"Le P\u00f4le du Tison organise un stage de printemps \u00e0 l&rsquo;APSA &#8211; dans la Chapelle de l\u2019Imaginaire \u00e0 Poitiers : des ateliers artistiques adapt\u00e9s aux personnes en situation de handicap et ouverts \u00e0 tous.Peinture, danse africaine, conte, collage : venez tester, explorer, cr\u00e9er, \u00e0 votre rythme. Infos cl\u00e9s \u2022 Dates : 15 et 16 avril [&hellip;]\" \/>\n<meta property=\"og:url\" content=\"https:\/\/poledutison.com\/index.php\/stage-de-printemps\/\" \/>\n<meta property=\"og:site_name\" content=\"P\u00f4le du Tison\" \/>\n<meta property=\"article:publisher\" content=\"https:\/\/m.facebook.com\/fxsax\/\" \/>\n<meta property=\"article:modified_time\" content=\"2026-01-29T10:57:30+00:00\" \/>\n<meta property=\"og:image\" content=\"https:\/\/poledutison.com\/wp-content\/uploads\/2024\/10\/logo_1-removebg-preview.png\" \/>\n\t<meta property=\"og:image:width\" content=\"501\" \/>\n\t<meta property=\"og:image:height\" content=\"498\" \/>\n\t<meta property=\"og:image:type\" content=\"image\/png\" \/>\n<meta name=\"twitter:card\" content=\"summary_large_image\" \/>\n<meta name=\"twitter:label1\" content=\"Dur\u00e9e de lecture estim\u00e9e\" \/>\n\t<meta name=\"twitter:data1\" content=\"2 minutes\" \/>\n<script type=\"application\/ld+json\" class=\"yoast-schema-graph\">{\"@context\":\"https:\\\/\\\/schema.org\",\"@graph\":[{\"@type\":\"WebPage\",\"@id\":\"https:\\\/\\\/poledutison.com\\\/index.php\\\/stage-de-printemps\\\/\",\"url\":\"https:\\\/\\\/poledutison.com\\\/index.php\\\/stage-de-printemps\\\/\",\"name\":\"Stage de Printemps - P\u00f4le du Tison\",\"isPartOf\":{\"@id\":\"https:\\\/\\\/poledutison.com\\\/#website\"},\"datePublished\":\"2026-01-21T09:53:27+00:00\",\"dateModified\":\"2026-01-29T10:57:30+00:00\",\"breadcrumb\":{\"@id\":\"https:\\\/\\\/poledutison.com\\\/index.php\\\/stage-de-printemps\\\/#breadcrumb\"},\"inLanguage\":\"fr-FR\",\"potentialAction\":[{\"@type\":\"ReadAction\",\"target\":[\"https:\\\/\\\/poledutison.com\\\/index.php\\\/stage-de-printemps\\\/\"]}]},{\"@type\":\"BreadcrumbList\",\"@id\":\"https:\\\/\\\/poledutison.com\\\/index.php\\\/stage-de-printemps\\\/#breadcrumb\",\"itemListElement\":[{\"@type\":\"ListItem\",\"position\":1,\"name\":\"Page d'accueil\",\"item\":\"https:\\\/\\\/poledutison.com\\\/\"},{\"@type\":\"ListItem\",\"position\":2,\"name\":\"Stage de Printemps\"}]},{\"@type\":\"WebSite\",\"@id\":\"https:\\\/\\\/poledutison.com\\\/#website\",\"url\":\"https:\\\/\\\/poledutison.com\\\/\",\"name\":\"P\u00f4le du Tison\",\"description\":\"art et handicap\",\"publisher\":{\"@id\":\"https:\\\/\\\/poledutison.com\\\/#organization\"},\"potentialAction\":[{\"@type\":\"SearchAction\",\"target\":{\"@type\":\"EntryPoint\",\"urlTemplate\":\"https:\\\/\\\/poledutison.com\\\/?s={search_term_string}\"},\"query-input\":{\"@type\":\"PropertyValueSpecification\",\"valueRequired\":true,\"valueName\":\"search_term_string\"}}],\"inLanguage\":\"fr-FR\"},{\"@type\":\"Organization\",\"@id\":\"https:\\\/\\\/poledutison.com\\\/#organization\",\"name\":\"P\u00f4le art & handicap du Tison\",\"alternateName\":\"P\u00f4le du Tison\",\"url\":\"https:\\\/\\\/poledutison.com\\\/\",\"logo\":{\"@type\":\"ImageObject\",\"inLanguage\":\"fr-FR\",\"@id\":\"https:\\\/\\\/poledutison.com\\\/#\\\/schema\\\/logo\\\/image\\\/\",\"url\":\"https:\\\/\\\/poledutison.com\\\/wp-content\\\/uploads\\\/2025\\\/02\\\/Copie-de-CARTE-VISITE-jaune-bleu-1.png\",\"contentUrl\":\"https:\\\/\\\/poledutison.com\\\/wp-content\\\/uploads\\\/2025\\\/02\\\/Copie-de-CARTE-VISITE-jaune-bleu-1.png\",\"width\":500,\"height\":500,\"caption\":\"P\u00f4le art & handicap du Tison\"},\"image\":{\"@id\":\"https:\\\/\\\/poledutison.com\\\/#\\\/schema\\\/logo\\\/image\\\/\"},\"sameAs\":[\"https:\\\/\\\/m.facebook.com\\\/fxsax\\\/\",\"https:\\\/\\\/www.instagram.com\\\/cindyclech\\\/\",\"https:\\\/\\\/www.youtube.com\\\/@poledutison\"]}]}<\/script>\n<!-- \/ Yoast SEO plugin. -->","yoast_head_json":{"title":"Stage de Printemps - P\u00f4le du Tison","robots":{"index":"index","follow":"follow","max-snippet":"max-snippet:-1","max-image-preview":"max-image-preview:large","max-video-preview":"max-video-preview:-1"},"canonical":"https:\/\/poledutison.com\/index.php\/stage-de-printemps\/","og_locale":"fr_FR","og_type":"article","og_title":"Stage de Printemps - P\u00f4le du Tison","og_description":"Le P\u00f4le du Tison organise un stage de printemps \u00e0 l&rsquo;APSA &#8211; dans la Chapelle de l\u2019Imaginaire \u00e0 Poitiers : des ateliers artistiques adapt\u00e9s aux personnes en situation de handicap et ouverts \u00e0 tous.Peinture, danse africaine, conte, collage : venez tester, explorer, cr\u00e9er, \u00e0 votre rythme. Infos cl\u00e9s \u2022 Dates : 15 et 16 avril [&hellip;]","og_url":"https:\/\/poledutison.com\/index.php\/stage-de-printemps\/","og_site_name":"P\u00f4le du Tison","article_publisher":"https:\/\/m.facebook.com\/fxsax\/","article_modified_time":"2026-01-29T10:57:30+00:00","og_image":[{"width":501,"height":498,"url":"https:\/\/poledutison.com\/wp-content\/uploads\/2024\/10\/logo_1-removebg-preview.png","type":"image\/png"}],"twitter_card":"summary_large_image","twitter_misc":{"Dur\u00e9e de lecture estim\u00e9e":"2 minutes"},"schema":{"@context":"https:\/\/schema.org","@graph":[{"@type":"WebPage","@id":"https:\/\/poledutison.com\/index.php\/stage-de-printemps\/","url":"https:\/\/poledutison.com\/index.php\/stage-de-printemps\/","name":"Stage de Printemps - P\u00f4le du Tison","isPartOf":{"@id":"https:\/\/poledutison.com\/#website"},"datePublished":"2026-01-21T09:53:27+00:00","dateModified":"2026-01-29T10:57:30+00:00","breadcrumb":{"@id":"https:\/\/poledutison.com\/index.php\/stage-de-printemps\/#breadcrumb"},"inLanguage":"fr-FR","potentialAction":[{"@type":"ReadAction","target":["https:\/\/poledutison.com\/index.php\/stage-de-printemps\/"]}]},{"@type":"BreadcrumbList","@id":"https:\/\/poledutison.com\/index.php\/stage-de-printemps\/#breadcrumb","itemListElement":[{"@type":"ListItem","position":1,"name":"Page d'accueil","item":"https:\/\/poledutison.com\/"},{"@type":"ListItem","position":2,"name":"Stage de Printemps"}]},{"@type":"WebSite","@id":"https:\/\/poledutison.com\/#website","url":"https:\/\/poledutison.com\/","name":"P\u00f4le du Tison","description":"art et handicap","publisher":{"@id":"https:\/\/poledutison.com\/#organization"},"potentialAction":[{"@type":"SearchAction","target":{"@type":"EntryPoint","urlTemplate":"https:\/\/poledutison.com\/?s={search_term_string}"},"query-input":{"@type":"PropertyValueSpecification","valueRequired":true,"valueName":"search_term_string"}}],"inLanguage":"fr-FR"},{"@type":"Organization","@id":"https:\/\/poledutison.com\/#organization","name":"P\u00f4le art & handicap du Tison","alternateName":"P\u00f4le du Tison","url":"https:\/\/poledutison.com\/","logo":{"@type":"ImageObject","inLanguage":"fr-FR","@id":"https:\/\/poledutison.com\/#\/schema\/logo\/image\/","url":"https:\/\/poledutison.com\/wp-content\/uploads\/2025\/02\/Copie-de-CARTE-VISITE-jaune-bleu-1.png","contentUrl":"https:\/\/poledutison.com\/wp-content\/uploads\/2025\/02\/Copie-de-CARTE-VISITE-jaune-bleu-1.png","width":500,"height":500,"caption":"P\u00f4le art & handicap du Tison"},"image":{"@id":"https:\/\/poledutison.com\/#\/schema\/logo\/image\/"},"sameAs":["https:\/\/m.facebook.com\/fxsax\/","https:\/\/www.instagram.com\/cindyclech\/","https:\/\/www.youtube.com\/@poledutison"]}]}},"_links":{"self":[{"href":"https:\/\/poledutison.com\/index.php\/wp-json\/wp\/v2\/pages\/1431","targetHints":{"allow":["GET"]}}],"collection":[{"href":"https:\/\/poledutison.com\/index.php\/wp-json\/wp\/v2\/pages"}],"about":[{"href":"https:\/\/poledutison.com\/index.php\/wp-json\/wp\/v2\/types\/page"}],"author":[{"embeddable":true,"href":"https:\/\/poledutison.com\/index.php\/wp-json\/wp\/v2\/users\/1"}],"replies":[{"embeddable":true,"href":"https:\/\/poledutison.com\/index.php\/wp-json\/wp\/v2\/comments?post=1431"}],"version-history":[{"count":3,"href":"https:\/\/poledutison.com\/index.php\/wp-json\/wp\/v2\/pages\/1431\/revisions"}],"predecessor-version":[{"id":1444,"href":"https:\/\/poledutison.com\/index.php\/wp-json\/wp\/v2\/pages\/1431\/revisions\/1444"}],"wp:attachment":[{"href":"https:\/\/poledutison.com\/index.php\/wp-json\/wp\/v2\/media?parent=1431"}],"curies":[{"name":"wp","href":"https:\/\/api.w.org\/{rel}","templated":true}]}}