{"id":1392,"date":"2025-11-24T09:37:38","date_gmt":"2025-11-24T08:37:38","guid":{"rendered":"https:\/\/poledutison.com\/?page_id=1392"},"modified":"2025-11-24T09:37:39","modified_gmt":"2025-11-24T08:37:39","slug":"tournee-europeenne-track-by-track","status":"publish","type":"page","link":"https:\/\/poledutison.com\/index.php\/tournee-europeenne-track-by-track\/","title":{"rendered":"Tourn\u00e9e europ\u00e9enne Track by track"},"content":{"rendered":"\n\n","protected":false},"excerpt":{"rendered":"","protected":false},"author":1,"featured_media":0,"parent":0,"menu_order":0,"comment_status":"closed","ping_status":"closed","template":"","meta":{"saved_in_kubio":false,"footnotes":""},"class_list":["post-1392","page","type-page","status-publish","hentry"],"kubio_ai_page_context":{"short_desc":"","purpose":"general"},"yoast_head":"<!-- This site is optimized with the Yoast SEO plugin v27.4 - https:\/\/yoast.com\/product\/yoast-seo-wordpress\/ -->\n<title>Tourn\u00e9e europ\u00e9enne Track by track - P\u00f4le du Tison<\/title>\n<meta name=\"robots\" content=\"index, follow, max-snippet:-1, max-image-preview:large, max-video-preview:-1\" \/>\n<link rel=\"canonical\" href=\"https:\/\/poledutison.com\/index.php\/tournee-europeenne-track-by-track\/\" \/>\n<meta property=\"og:locale\" content=\"fr_FR\" \/>\n<meta property=\"og:type\" content=\"article\" \/>\n<meta property=\"og:title\" content=\"Tourn\u00e9e europ\u00e9enne Track by track - P\u00f4le du Tison\" \/>\n<meta property=\"og:url\" content=\"https:\/\/poledutison.com\/index.php\/tournee-europeenne-track-by-track\/\" \/>\n<meta property=\"og:site_name\" content=\"P\u00f4le du Tison\" \/>\n<meta property=\"article:publisher\" content=\"https:\/\/m.facebook.com\/fxsax\/\" \/>\n<meta property=\"article:modified_time\" content=\"2025-11-24T08:37:39+00:00\" \/>\n<meta property=\"og:image\" content=\"https:\/\/poledutison.com\/wp-content\/uploads\/2024\/10\/logo_1-removebg-preview.png\" \/>\n\t<meta property=\"og:image:width\" content=\"501\" \/>\n\t<meta property=\"og:image:height\" content=\"498\" \/>\n\t<meta property=\"og:image:type\" content=\"image\/png\" \/>\n<meta name=\"twitter:card\" content=\"summary_large_image\" \/>\n<script type=\"application\/ld+json\" class=\"yoast-schema-graph\">{\"@context\":\"https:\\\/\\\/schema.org\",\"@graph\":[{\"@type\":\"WebPage\",\"@id\":\"https:\\\/\\\/poledutison.com\\\/index.php\\\/tournee-europeenne-track-by-track\\\/\",\"url\":\"https:\\\/\\\/poledutison.com\\\/index.php\\\/tournee-europeenne-track-by-track\\\/\",\"name\":\"Tourn\u00e9e europ\u00e9enne Track by track - P\u00f4le du Tison\",\"isPartOf\":{\"@id\":\"https:\\\/\\\/poledutison.com\\\/#website\"},\"datePublished\":\"2025-11-24T08:37:38+00:00\",\"dateModified\":\"2025-11-24T08:37:39+00:00\",\"breadcrumb\":{\"@id\":\"https:\\\/\\\/poledutison.com\\\/index.php\\\/tournee-europeenne-track-by-track\\\/#breadcrumb\"},\"inLanguage\":\"fr-FR\",\"potentialAction\":[{\"@type\":\"ReadAction\",\"target\":[\"https:\\\/\\\/poledutison.com\\\/index.php\\\/tournee-europeenne-track-by-track\\\/\"]}]},{\"@type\":\"BreadcrumbList\",\"@id\":\"https:\\\/\\\/poledutison.com\\\/index.php\\\/tournee-europeenne-track-by-track\\\/#breadcrumb\",\"itemListElement\":[{\"@type\":\"ListItem\",\"position\":1,\"name\":\"Page d'accueil\",\"item\":\"https:\\\/\\\/poledutison.com\\\/\"},{\"@type\":\"ListItem\",\"position\":2,\"name\":\"Tourn\u00e9e europ\u00e9enne Track by track\"}]},{\"@type\":\"WebSite\",\"@id\":\"https:\\\/\\\/poledutison.com\\\/#website\",\"url\":\"https:\\\/\\\/poledutison.com\\\/\",\"name\":\"P\u00f4le du Tison\",\"description\":\"art et handicap\",\"publisher\":{\"@id\":\"https:\\\/\\\/poledutison.com\\\/#organization\"},\"potentialAction\":[{\"@type\":\"SearchAction\",\"target\":{\"@type\":\"EntryPoint\",\"urlTemplate\":\"https:\\\/\\\/poledutison.com\\\/?s={search_term_string}\"},\"query-input\":{\"@type\":\"PropertyValueSpecification\",\"valueRequired\":true,\"valueName\":\"search_term_string\"}}],\"inLanguage\":\"fr-FR\"},{\"@type\":\"Organization\",\"@id\":\"https:\\\/\\\/poledutison.com\\\/#organization\",\"name\":\"P\u00f4le art & handicap du Tison\",\"alternateName\":\"P\u00f4le du Tison\",\"url\":\"https:\\\/\\\/poledutison.com\\\/\",\"logo\":{\"@type\":\"ImageObject\",\"inLanguage\":\"fr-FR\",\"@id\":\"https:\\\/\\\/poledutison.com\\\/#\\\/schema\\\/logo\\\/image\\\/\",\"url\":\"https:\\\/\\\/poledutison.com\\\/wp-content\\\/uploads\\\/2025\\\/02\\\/Copie-de-CARTE-VISITE-jaune-bleu-1.png\",\"contentUrl\":\"https:\\\/\\\/poledutison.com\\\/wp-content\\\/uploads\\\/2025\\\/02\\\/Copie-de-CARTE-VISITE-jaune-bleu-1.png\",\"width\":500,\"height\":500,\"caption\":\"P\u00f4le art & handicap du Tison\"},\"image\":{\"@id\":\"https:\\\/\\\/poledutison.com\\\/#\\\/schema\\\/logo\\\/image\\\/\"},\"sameAs\":[\"https:\\\/\\\/m.facebook.com\\\/fxsax\\\/\",\"https:\\\/\\\/www.instagram.com\\\/cindyclech\\\/\",\"https:\\\/\\\/www.youtube.com\\\/@poledutison\"]}]}<\/script>\n<!-- \/ Yoast SEO plugin. -->","yoast_head_json":{"title":"Tourn\u00e9e europ\u00e9enne Track by track - P\u00f4le du Tison","robots":{"index":"index","follow":"follow","max-snippet":"max-snippet:-1","max-image-preview":"max-image-preview:large","max-video-preview":"max-video-preview:-1"},"canonical":"https:\/\/poledutison.com\/index.php\/tournee-europeenne-track-by-track\/","og_locale":"fr_FR","og_type":"article","og_title":"Tourn\u00e9e europ\u00e9enne Track by track - P\u00f4le du Tison","og_url":"https:\/\/poledutison.com\/index.php\/tournee-europeenne-track-by-track\/","og_site_name":"P\u00f4le du Tison","article_publisher":"https:\/\/m.facebook.com\/fxsax\/","article_modified_time":"2025-11-24T08:37:39+00:00","og_image":[{"width":501,"height":498,"url":"https:\/\/poledutison.com\/wp-content\/uploads\/2024\/10\/logo_1-removebg-preview.png","type":"image\/png"}],"twitter_card":"summary_large_image","schema":{"@context":"https:\/\/schema.org","@graph":[{"@type":"WebPage","@id":"https:\/\/poledutison.com\/index.php\/tournee-europeenne-track-by-track\/","url":"https:\/\/poledutison.com\/index.php\/tournee-europeenne-track-by-track\/","name":"Tourn\u00e9e europ\u00e9enne Track by track - P\u00f4le du Tison","isPartOf":{"@id":"https:\/\/poledutison.com\/#website"},"datePublished":"2025-11-24T08:37:38+00:00","dateModified":"2025-11-24T08:37:39+00:00","breadcrumb":{"@id":"https:\/\/poledutison.com\/index.php\/tournee-europeenne-track-by-track\/#breadcrumb"},"inLanguage":"fr-FR","potentialAction":[{"@type":"ReadAction","target":["https:\/\/poledutison.com\/index.php\/tournee-europeenne-track-by-track\/"]}]},{"@type":"BreadcrumbList","@id":"https:\/\/poledutison.com\/index.php\/tournee-europeenne-track-by-track\/#breadcrumb","itemListElement":[{"@type":"ListItem","position":1,"name":"Page d'accueil","item":"https:\/\/poledutison.com\/"},{"@type":"ListItem","position":2,"name":"Tourn\u00e9e europ\u00e9enne Track by track"}]},{"@type":"WebSite","@id":"https:\/\/poledutison.com\/#website","url":"https:\/\/poledutison.com\/","name":"P\u00f4le du Tison","description":"art et handicap","publisher":{"@id":"https:\/\/poledutison.com\/#organization"},"potentialAction":[{"@type":"SearchAction","target":{"@type":"EntryPoint","urlTemplate":"https:\/\/poledutison.com\/?s={search_term_string}"},"query-input":{"@type":"PropertyValueSpecification","valueRequired":true,"valueName":"search_term_string"}}],"inLanguage":"fr-FR"},{"@type":"Organization","@id":"https:\/\/poledutison.com\/#organization","name":"P\u00f4le art & handicap du Tison","alternateName":"P\u00f4le du Tison","url":"https:\/\/poledutison.com\/","logo":{"@type":"ImageObject","inLanguage":"fr-FR","@id":"https:\/\/poledutison.com\/#\/schema\/logo\/image\/","url":"https:\/\/poledutison.com\/wp-content\/uploads\/2025\/02\/Copie-de-CARTE-VISITE-jaune-bleu-1.png","contentUrl":"https:\/\/poledutison.com\/wp-content\/uploads\/2025\/02\/Copie-de-CARTE-VISITE-jaune-bleu-1.png","width":500,"height":500,"caption":"P\u00f4le art & handicap du Tison"},"image":{"@id":"https:\/\/poledutison.com\/#\/schema\/logo\/image\/"},"sameAs":["https:\/\/m.facebook.com\/fxsax\/","https:\/\/www.instagram.com\/cindyclech\/","https:\/\/www.youtube.com\/@poledutison"]}]}},"_links":{"self":[{"href":"https:\/\/poledutison.com\/index.php\/wp-json\/wp\/v2\/pages\/1392","targetHints":{"allow":["GET"]}}],"collection":[{"href":"https:\/\/poledutison.com\/index.php\/wp-json\/wp\/v2\/pages"}],"about":[{"href":"https:\/\/poledutison.com\/index.php\/wp-json\/wp\/v2\/types\/page"}],"author":[{"embeddable":true,"href":"https:\/\/poledutison.com\/index.php\/wp-json\/wp\/v2\/users\/1"}],"replies":[{"embeddable":true,"href":"https:\/\/poledutison.com\/index.php\/wp-json\/wp\/v2\/comments?post=1392"}],"version-history":[{"count":1,"href":"https:\/\/poledutison.com\/index.php\/wp-json\/wp\/v2\/pages\/1392\/revisions"}],"predecessor-version":[{"id":1393,"href":"https:\/\/poledutison.com\/index.php\/wp-json\/wp\/v2\/pages\/1392\/revisions\/1393"}],"wp:attachment":[{"href":"https:\/\/poledutison.com\/index.php\/wp-json\/wp\/v2\/media?parent=1392"}],"curies":[{"name":"wp","href":"https:\/\/api.w.org\/{rel}","templated":true}]}}