{"id":1018,"date":"2025-04-08T23:10:40","date_gmt":"2025-04-08T21:10:40","guid":{"rendered":"https:\/\/poledutison.com\/?page_id=1018"},"modified":"2025-05-20T16:50:41","modified_gmt":"2025-05-20T14:50:41","slug":"formations","status":"publish","type":"page","link":"https:\/\/poledutison.com\/index.php\/formations\/","title":{"rendered":"Formations"},"content":{"rendered":"\n<h2 class=\"wp-block-heading\">\ud83c\udfb5 Musique &amp; Handicap<\/h2>\n\n\n\n<h3 class=\"wp-block-heading\">Formations &amp; Interventions par Fran\u00e7ois-Xavier Caillet<\/h3>\n\n\n\n<p class=\"has-kubio-color-1-color has-text-color has-link-color wp-elements-4feacc51fd8b94f9ed86faf536c88574\"><em>Une approche inclusive de la musique pour les \u00e9tablissements culturels et m\u00e9dico-sociaux<\/em><\/p>\n\n\n\n<hr class=\"wp-block-separator has-alpha-channel-opacity\"\/>\n\n\n\n<p>Au croisement de l\u2019art, de la p\u00e9dagogie et de l\u2019inclusion, le <strong>P\u00f4le du Tison<\/strong> vous propose deux parcours compl\u00e9mentaires autour de la musique &amp; du handicap, con\u00e7us et anim\u00e9s par <strong>Fran\u00e7ois-Xavier Caillet<\/strong>, musicien et formateur reconnu.<\/p>\n\n\n\n<p class=\"has-kubio-color-1-color has-text-color has-link-color wp-elements-2dc484fe013d130214e7098eb3c7344a\">Que vous soyez une <strong>structure culturelle<\/strong> (conservatoire, \u00e9cole de musique\u2026) ou un <strong>\u00e9tablissement m\u00e9dico-social<\/strong>, ces propositions visent \u00e0 <strong>outiller vos \u00e9quipes<\/strong>, <strong>valoriser vos publics<\/strong> et <strong>d\u00e9velopper des pratiques artistiques accessibles \u00e0 tous<\/strong>.<\/p>\n\n\n\n<hr class=\"wp-block-separator has-alpha-channel-opacity\"\/>\n\n\n\n<h2 class=\"wp-block-heading has-kubio-color-1-color has-text-color has-link-color wp-elements-d4869f2c13ef899697a694730269524d\">1. Formations pour les professionnel\u00b7les de la musique<\/h2>\n\n\n\n<p class=\"has-kubio-color-1-color has-text-color has-link-color wp-elements-f0dbc81341a1106a03b1664ab594382d\"><strong>Pour les professeur\u00b7es de conservatoires, \u00e9coles de musique, artistes-p\u00e9dagogues\u2026<\/strong><\/p>\n\n\n\n<h3 class=\"wp-block-heading\">Objectifs :<\/h3>\n\n\n\n<ul class=\"wp-block-list\">\n<li class=\"has-kubio-color-1-color has-text-color has-link-color wp-elements-dd08dfe8f173dba3da2c7b4a7e53220d\">Comprendre les sp\u00e9cificit\u00e9s des \u00e9l\u00e8ves en situation de handicap<\/li>\n\n\n\n<li class=\"has-kubio-color-1-color has-text-color has-link-color wp-elements-ef2745bf29da49ce1cc95d8b1f882f63\">Adapter sa p\u00e9dagogie pour int\u00e9grer tous les profils<\/li>\n\n\n\n<li class=\"has-kubio-color-1-color has-text-color has-link-color wp-elements-e3fe9fc0acc5f240efc2a56e855cf228\">Explorer des outils concrets : instruments adapt\u00e9s, supports sensoriels\u2026<\/li>\n\n\n\n<li class=\"has-kubio-color-1-color has-text-color has-link-color wp-elements-bb5875a333409138b5baff9bfe18c122\">Enrichir sa pratique gr\u00e2ce \u00e0 une approche inclusive et sensible<\/li>\n<\/ul>\n\n\n\n<h3 class=\"wp-block-heading\">Contenus :<\/h3>\n\n\n\n<ul class=\"wp-block-list\">\n<li class=\"has-kubio-color-1-color has-text-color has-link-color wp-elements-3d7a695d900880b263291c28b668cd33\">Accessibilit\u00e9 universelle et inclusion<\/li>\n\n\n\n<li class=\"has-kubio-color-1-color has-text-color has-link-color wp-elements-74b22f1f1ec4fce437f664f7c500062f\">Organisation de cours individuels ou collectifs adapt\u00e9s<\/li>\n\n\n\n<li class=\"has-kubio-color-1-color has-text-color has-link-color wp-elements-52eecea78a99bd133a368dc8df75b1e1\">Travail avec les \u00e9quipes m\u00e9dico-sociales<\/li>\n\n\n\n<li class=\"has-kubio-color-1-color has-text-color has-link-color wp-elements-b7502c033d789f84420ebb70b242b9c2\">Innovations p\u00e9dagogiques (clavier LED, orgue sensoriel\u2026)<\/li>\n\n\n\n<li class=\"has-kubio-color-1-color has-text-color has-link-color wp-elements-635d2866acbeb78df664c95c51fee83c\">Ateliers pratiques, \u00e9changes d\u2019exp\u00e9riences<\/li>\n<\/ul>\n\n\n\n<h3 class=\"wp-block-heading\">Format :<\/h3>\n\n\n\n<ul class=\"wp-block-list\">\n<li class=\"has-kubio-color-1-color has-text-color has-link-color wp-elements-743476a37adf38f50e26fe946d2e5b3f\">Dur\u00e9e : 1 \u00e0 3 jours<\/li>\n\n\n\n<li class=\"has-kubio-color-1-color has-text-color has-link-color wp-elements-3b8c2e472fa272b871fd87c6eb153190\">En pr\u00e9sentiel, dans votre \u00e9tablissement<\/li>\n\n\n\n<li class=\"has-kubio-color-1-color has-text-color has-link-color wp-elements-020dbc98f11a7e5f398be6ad263d2b2d\">Formation sur-mesure<\/li>\n<\/ul>\n\n\n\n<h3 class=\"wp-block-heading\">Intervenant :<\/h3>\n\n\n\n<p class=\"has-kubio-color-1-color has-text-color has-link-color wp-elements-19c722e619785535ea332bb19420a13b\"><strong>Fran\u00e7ois-Xavier Caillet<\/strong>, enseignant au CRR de Poitiers, formateur \u00e0 la Philharmonie de Paris et au CESMD, expert de la musique inclusive depuis 20 ans.<br><a href=\"https:\/\/youtu.be\/h3vfoJU9KHs?si=fKLeH07vnoNUESEa\">https:\/\/youtu.be\/h3vfoJU9KHs?si=fKLeH07vnoNUESEa<\/a><\/p>\n\n\n\n<hr class=\"wp-block-separator has-alpha-channel-opacity\"\/>\n\n\n\n<h2 class=\"wp-block-heading\">2. Accompagnement des structures m\u00e9dico-sociales<\/h2>\n\n\n\n<p class=\"has-kubio-color-1-color has-text-color has-link-color wp-elements-110011b88cfe75642461de25e3d2b73f\"><strong>Pour les IME, ITEP, FAM, MAS, ESAT, foyers de vie, ULIS\u2026<\/strong><\/p>\n\n\n\n<p class=\"has-kubio-color-1-color has-text-color has-link-color wp-elements-da260b7058bf06d89837105c9582f8b8\">Deux possibilit\u00e9s compl\u00e9mentaires :<\/p>\n\n\n\n<h3 class=\"wp-block-heading\">\ud83c\udfb5 Formation des \u00e9quipes \u00e9ducatives<\/h3>\n\n\n\n<p class=\"has-kubio-color-1-color has-text-color has-link-color wp-elements-4febe70a7c0901c68bfc2072715a6974\"><strong>Pour vos professionnel\u00b7les (\u00e9ducateurs, animateurs, coordinateurs, AMP, AES&#8230;)<\/strong><\/p>\n\n\n\n<ul class=\"wp-block-list\">\n<li class=\"has-kubio-color-1-color has-text-color has-link-color wp-elements-f7b4d9b70219477e819836b3b800be19\">Concevoir des ateliers musicaux adapt\u00e9s<\/li>\n\n\n\n<li class=\"has-kubio-color-1-color has-text-color has-link-color wp-elements-536bc3637a33decf17a27ea1b0df0aed\">Mieux comprendre les apports de la musique pour vos b\u00e9n\u00e9ficiaires<\/li>\n\n\n\n<li class=\"has-kubio-color-1-color has-text-color has-link-color wp-elements-c9b35350b2fca2d0985cf864ab5aef47\">Cr\u00e9er un projet artistique collectif<\/li>\n\n\n\n<li class=\"has-kubio-color-1-color has-text-color has-link-color wp-elements-12660cb4f72e9781f6e13c23b8423f45\">Identifier les partenaires culturels du territoire<\/li>\n<\/ul>\n\n\n\n<blockquote class=\"wp-block-quote is-layout-flow wp-block-quote-is-layout-flow\">\n<p class=\"has-kubio-color-1-color has-text-color has-link-color wp-elements-b7870d2e54cd43096b74d7a0fe99bc29\">Un module con\u00e7u pour que <strong>la musique fasse partie int\u00e9grante de votre projet de vie institutionnel<\/strong>.<\/p>\n<\/blockquote>\n\n\n\n<h3 class=\"wp-block-heading\">\ud83c\udfb6 Interventions musicales aupr\u00e8s des publics<\/h3>\n\n\n\n<p class=\"has-kubio-color-1-color has-text-color has-link-color wp-elements-d95df9b01585f62ee943a56e0c891233\"><strong>Fran\u00e7ois-Xavier intervient directement aupr\u00e8s des b\u00e9n\u00e9ficiaires<\/strong>, pour des cours de musique individuels ou collectifs, dans une approche inclusive et sensorielle.<\/p>\n\n\n\n<ul class=\"wp-block-list\">\n<li class=\"has-kubio-color-1-color has-text-color has-link-color wp-elements-3a2d1c2591d44db4178c04d45bd34a45\">Travail avec des instruments standards ou adapt\u00e9s<\/li>\n\n\n\n<li class=\"has-kubio-color-1-color has-text-color has-link-color wp-elements-aacac8002b0001689e32d7910f2bb329\">Ateliers ludiques et participatifs<\/li>\n\n\n\n<li class=\"has-kubio-color-1-color has-text-color has-link-color wp-elements-bc74d5d378f0df384408b2d57051b3e1\">Repr\u00e9sentations possibles (restitution, concert)<\/li>\n\n\n\n<li class=\"has-kubio-color-1-color has-text-color has-link-color wp-elements-c58b2fc8caa104d75050063298cd6fc7\">Adaptation aux capacit\u00e9s de chacun\u00b7e<\/li>\n<\/ul>\n\n\n\n<hr class=\"wp-block-separator has-alpha-channel-opacity\"\/>\n\n\n\n<h2 class=\"wp-block-heading\">Nous contacter<\/h2>\n\n\n\n<p class=\"has-kubio-color-5-color has-kubio-color-2-background-color has-text-color has-background has-link-color wp-elements-54dab9e957285b406c3913911d576152\">Nous adaptons chaque intervention \u00e0 votre r\u00e9alit\u00e9 de terrain.<br>\ud83d\udc49 <a href=\"https:\/\/poledutison.com\/index.php\/rdv\/\">Prenez rendez-vous d\u00e8s maintenant<\/a><br>\ud83d\udc49 Ou contactez-nous \u00e0 <a href=\"mailto:contact@poledutison.com\">contact@poledutison.com<\/a><\/p>\n\n\n","protected":false},"excerpt":{"rendered":"<p>\ud83c\udfb5 Musique &amp; Handicap Formations &amp; Interventions par Fran\u00e7ois-Xavier Caillet Une approche inclusive de la musique pour les \u00e9tablissements culturels et m\u00e9dico-sociaux Au croisement de l\u2019art, de la p\u00e9dagogie et de l\u2019inclusion, le P\u00f4le du Tison vous propose deux parcours compl\u00e9mentaires autour de la musique &amp; du handicap, con\u00e7us et anim\u00e9s par Fran\u00e7ois-Xavier Caillet, musicien [&hellip;]<\/p>\n","protected":false},"author":1,"featured_media":0,"parent":0,"menu_order":0,"comment_status":"closed","ping_status":"closed","template":"","meta":{"saved_in_kubio":true,"footnotes":""},"class_list":["post-1018","page","type-page","status-publish","hentry"],"kubio_ai_page_context":{"short_desc":"","purpose":"general"},"yoast_head":"<!-- This site is optimized with the Yoast SEO plugin v27.4 - https:\/\/yoast.com\/product\/yoast-seo-wordpress\/ -->\n<title>Formations - P\u00f4le du Tison<\/title>\n<meta name=\"robots\" content=\"index, follow, max-snippet:-1, max-image-preview:large, max-video-preview:-1\" \/>\n<link rel=\"canonical\" href=\"https:\/\/poledutison.com\/index.php\/formations\/\" \/>\n<meta property=\"og:locale\" content=\"fr_FR\" \/>\n<meta property=\"og:type\" content=\"article\" \/>\n<meta property=\"og:title\" content=\"Formations - P\u00f4le du Tison\" \/>\n<meta property=\"og:description\" content=\"\ud83c\udfb5 Musique &amp; Handicap Formations &amp; Interventions par Fran\u00e7ois-Xavier Caillet Une approche inclusive de la musique pour les \u00e9tablissements culturels et m\u00e9dico-sociaux Au croisement de l\u2019art, de la p\u00e9dagogie et de l\u2019inclusion, le P\u00f4le du Tison vous propose deux parcours compl\u00e9mentaires autour de la musique &amp; du handicap, con\u00e7us et anim\u00e9s par Fran\u00e7ois-Xavier Caillet, musicien [&hellip;]\" \/>\n<meta property=\"og:url\" content=\"https:\/\/poledutison.com\/index.php\/formations\/\" \/>\n<meta property=\"og:site_name\" content=\"P\u00f4le du Tison\" \/>\n<meta property=\"article:publisher\" content=\"https:\/\/m.facebook.com\/fxsax\/\" \/>\n<meta property=\"article:modified_time\" content=\"2025-05-20T14:50:41+00:00\" \/>\n<meta property=\"og:image\" content=\"https:\/\/poledutison.com\/wp-content\/uploads\/2024\/10\/logo_1-removebg-preview.png\" \/>\n\t<meta property=\"og:image:width\" content=\"501\" \/>\n\t<meta property=\"og:image:height\" content=\"498\" \/>\n\t<meta property=\"og:image:type\" content=\"image\/png\" \/>\n<meta name=\"twitter:card\" content=\"summary_large_image\" \/>\n<meta name=\"twitter:label1\" content=\"Dur\u00e9e de lecture estim\u00e9e\" \/>\n\t<meta name=\"twitter:data1\" content=\"2 minutes\" \/>\n<script type=\"application\/ld+json\" class=\"yoast-schema-graph\">{\"@context\":\"https:\\\/\\\/schema.org\",\"@graph\":[{\"@type\":\"WebPage\",\"@id\":\"https:\\\/\\\/poledutison.com\\\/index.php\\\/formations\\\/\",\"url\":\"https:\\\/\\\/poledutison.com\\\/index.php\\\/formations\\\/\",\"name\":\"Formations - P\u00f4le du Tison\",\"isPartOf\":{\"@id\":\"https:\\\/\\\/poledutison.com\\\/#website\"},\"datePublished\":\"2025-04-08T21:10:40+00:00\",\"dateModified\":\"2025-05-20T14:50:41+00:00\",\"breadcrumb\":{\"@id\":\"https:\\\/\\\/poledutison.com\\\/index.php\\\/formations\\\/#breadcrumb\"},\"inLanguage\":\"fr-FR\",\"potentialAction\":[{\"@type\":\"ReadAction\",\"target\":[\"https:\\\/\\\/poledutison.com\\\/index.php\\\/formations\\\/\"]}]},{\"@type\":\"BreadcrumbList\",\"@id\":\"https:\\\/\\\/poledutison.com\\\/index.php\\\/formations\\\/#breadcrumb\",\"itemListElement\":[{\"@type\":\"ListItem\",\"position\":1,\"name\":\"Page d'accueil\",\"item\":\"https:\\\/\\\/poledutison.com\\\/\"},{\"@type\":\"ListItem\",\"position\":2,\"name\":\"Formations\"}]},{\"@type\":\"WebSite\",\"@id\":\"https:\\\/\\\/poledutison.com\\\/#website\",\"url\":\"https:\\\/\\\/poledutison.com\\\/\",\"name\":\"P\u00f4le du Tison\",\"description\":\"art et handicap\",\"publisher\":{\"@id\":\"https:\\\/\\\/poledutison.com\\\/#organization\"},\"potentialAction\":[{\"@type\":\"SearchAction\",\"target\":{\"@type\":\"EntryPoint\",\"urlTemplate\":\"https:\\\/\\\/poledutison.com\\\/?s={search_term_string}\"},\"query-input\":{\"@type\":\"PropertyValueSpecification\",\"valueRequired\":true,\"valueName\":\"search_term_string\"}}],\"inLanguage\":\"fr-FR\"},{\"@type\":\"Organization\",\"@id\":\"https:\\\/\\\/poledutison.com\\\/#organization\",\"name\":\"P\u00f4le art & handicap du Tison\",\"alternateName\":\"P\u00f4le du Tison\",\"url\":\"https:\\\/\\\/poledutison.com\\\/\",\"logo\":{\"@type\":\"ImageObject\",\"inLanguage\":\"fr-FR\",\"@id\":\"https:\\\/\\\/poledutison.com\\\/#\\\/schema\\\/logo\\\/image\\\/\",\"url\":\"https:\\\/\\\/poledutison.com\\\/wp-content\\\/uploads\\\/2025\\\/02\\\/Copie-de-CARTE-VISITE-jaune-bleu-1.png\",\"contentUrl\":\"https:\\\/\\\/poledutison.com\\\/wp-content\\\/uploads\\\/2025\\\/02\\\/Copie-de-CARTE-VISITE-jaune-bleu-1.png\",\"width\":500,\"height\":500,\"caption\":\"P\u00f4le art & handicap du Tison\"},\"image\":{\"@id\":\"https:\\\/\\\/poledutison.com\\\/#\\\/schema\\\/logo\\\/image\\\/\"},\"sameAs\":[\"https:\\\/\\\/m.facebook.com\\\/fxsax\\\/\",\"https:\\\/\\\/www.instagram.com\\\/cindyclech\\\/\",\"https:\\\/\\\/www.youtube.com\\\/@poledutison\"]}]}<\/script>\n<!-- \/ Yoast SEO plugin. -->","yoast_head_json":{"title":"Formations - P\u00f4le du Tison","robots":{"index":"index","follow":"follow","max-snippet":"max-snippet:-1","max-image-preview":"max-image-preview:large","max-video-preview":"max-video-preview:-1"},"canonical":"https:\/\/poledutison.com\/index.php\/formations\/","og_locale":"fr_FR","og_type":"article","og_title":"Formations - P\u00f4le du Tison","og_description":"\ud83c\udfb5 Musique &amp; Handicap Formations &amp; Interventions par Fran\u00e7ois-Xavier Caillet Une approche inclusive de la musique pour les \u00e9tablissements culturels et m\u00e9dico-sociaux Au croisement de l\u2019art, de la p\u00e9dagogie et de l\u2019inclusion, le P\u00f4le du Tison vous propose deux parcours compl\u00e9mentaires autour de la musique &amp; du handicap, con\u00e7us et anim\u00e9s par Fran\u00e7ois-Xavier Caillet, musicien [&hellip;]","og_url":"https:\/\/poledutison.com\/index.php\/formations\/","og_site_name":"P\u00f4le du Tison","article_publisher":"https:\/\/m.facebook.com\/fxsax\/","article_modified_time":"2025-05-20T14:50:41+00:00","og_image":[{"width":501,"height":498,"url":"https:\/\/poledutison.com\/wp-content\/uploads\/2024\/10\/logo_1-removebg-preview.png","type":"image\/png"}],"twitter_card":"summary_large_image","twitter_misc":{"Dur\u00e9e de lecture estim\u00e9e":"2 minutes"},"schema":{"@context":"https:\/\/schema.org","@graph":[{"@type":"WebPage","@id":"https:\/\/poledutison.com\/index.php\/formations\/","url":"https:\/\/poledutison.com\/index.php\/formations\/","name":"Formations - P\u00f4le du Tison","isPartOf":{"@id":"https:\/\/poledutison.com\/#website"},"datePublished":"2025-04-08T21:10:40+00:00","dateModified":"2025-05-20T14:50:41+00:00","breadcrumb":{"@id":"https:\/\/poledutison.com\/index.php\/formations\/#breadcrumb"},"inLanguage":"fr-FR","potentialAction":[{"@type":"ReadAction","target":["https:\/\/poledutison.com\/index.php\/formations\/"]}]},{"@type":"BreadcrumbList","@id":"https:\/\/poledutison.com\/index.php\/formations\/#breadcrumb","itemListElement":[{"@type":"ListItem","position":1,"name":"Page d'accueil","item":"https:\/\/poledutison.com\/"},{"@type":"ListItem","position":2,"name":"Formations"}]},{"@type":"WebSite","@id":"https:\/\/poledutison.com\/#website","url":"https:\/\/poledutison.com\/","name":"P\u00f4le du Tison","description":"art et handicap","publisher":{"@id":"https:\/\/poledutison.com\/#organization"},"potentialAction":[{"@type":"SearchAction","target":{"@type":"EntryPoint","urlTemplate":"https:\/\/poledutison.com\/?s={search_term_string}"},"query-input":{"@type":"PropertyValueSpecification","valueRequired":true,"valueName":"search_term_string"}}],"inLanguage":"fr-FR"},{"@type":"Organization","@id":"https:\/\/poledutison.com\/#organization","name":"P\u00f4le art & handicap du Tison","alternateName":"P\u00f4le du Tison","url":"https:\/\/poledutison.com\/","logo":{"@type":"ImageObject","inLanguage":"fr-FR","@id":"https:\/\/poledutison.com\/#\/schema\/logo\/image\/","url":"https:\/\/poledutison.com\/wp-content\/uploads\/2025\/02\/Copie-de-CARTE-VISITE-jaune-bleu-1.png","contentUrl":"https:\/\/poledutison.com\/wp-content\/uploads\/2025\/02\/Copie-de-CARTE-VISITE-jaune-bleu-1.png","width":500,"height":500,"caption":"P\u00f4le art & handicap du Tison"},"image":{"@id":"https:\/\/poledutison.com\/#\/schema\/logo\/image\/"},"sameAs":["https:\/\/m.facebook.com\/fxsax\/","https:\/\/www.instagram.com\/cindyclech\/","https:\/\/www.youtube.com\/@poledutison"]}]}},"_links":{"self":[{"href":"https:\/\/poledutison.com\/index.php\/wp-json\/wp\/v2\/pages\/1018","targetHints":{"allow":["GET"]}}],"collection":[{"href":"https:\/\/poledutison.com\/index.php\/wp-json\/wp\/v2\/pages"}],"about":[{"href":"https:\/\/poledutison.com\/index.php\/wp-json\/wp\/v2\/types\/page"}],"author":[{"embeddable":true,"href":"https:\/\/poledutison.com\/index.php\/wp-json\/wp\/v2\/users\/1"}],"replies":[{"embeddable":true,"href":"https:\/\/poledutison.com\/index.php\/wp-json\/wp\/v2\/comments?post=1018"}],"version-history":[{"count":8,"href":"https:\/\/poledutison.com\/index.php\/wp-json\/wp\/v2\/pages\/1018\/revisions"}],"predecessor-version":[{"id":1169,"href":"https:\/\/poledutison.com\/index.php\/wp-json\/wp\/v2\/pages\/1018\/revisions\/1169"}],"wp:attachment":[{"href":"https:\/\/poledutison.com\/index.php\/wp-json\/wp\/v2\/media?parent=1018"}],"curies":[{"name":"wp","href":"https:\/\/api.w.org\/{rel}","templated":true}]}}